{"id":161,"date":"2019-07-31T17:20:59","date_gmt":"2019-07-31T17:20:59","guid":{"rendered":"http:\/\/conagopares.gob.ec\/?page_id=161"},"modified":"2020-03-25T02:23:09","modified_gmt":"2020-03-25T02:23:09","slug":"estados-financieros-2018","status":"publish","type":"page","link":"https:\/\/conagopares.gob.ec\/?page_id=161","title":{"rendered":"LOTAIP 2018"},"content":{"rendered":"<p>ESTADOS FINANCIERO DEL 01 ENERO &#8211; 31 DICIEMBRE 2018<\/p>\n<p><a href=\"http:\/\/conagopares.gob.ec\/wp-content\/uploads\/2019\/07\/ESTADO-DE-SITUACION-FINANCIERA-diciembre-2018.pdf\" target=\"_blank\" rel=\"noopener noreferrer\">ESTADO SITUACI\u00d3N FINANCIERA:2018<\/a><\/p>\n<p><a href=\"http:\/\/conagopares.gob.ec\/wp-content\/uploads\/2019\/07\/Estado-de-Resultados-diciembre-2018.pdf\" target=\"_blank\" rel=\"noopener noreferrer\">ESTADO DE RESULTADOS 2018<\/a><\/p>\n<p><a href=\"http:\/\/conagopares.gob.ec\/wp-content\/uploads\/2019\/07\/Estado-de-Flujo-del-Efectivo-diciembre-2018.pdf\">Estado de Flujo del Efectivo diciembre 2018<\/a><\/p>\n<p><a href=\"http:\/\/conagopares.gob.ec\/wp-content\/uploads\/2019\/07\/Estado-de-Ejecuci\u00f3n-Presupuestario-diciembre-2018.pdf\">Estado de Ejecuci\u00f3n Presupuestario diciembre 2018<\/a><\/p>\n<p><a href=\"http:\/\/conagopares.gob.ec\/wp-content\/uploads\/2019\/07\/CEDULA-PRESUPUESTARIA-INGRESOS-diciembre-2018.pdf\">C\u00c9DULA PRESUPUESTARIA INGRESOS diciembre 2018<\/a><\/p>\n<p><a href=\"http:\/\/conagopares.gob.ec\/wp-content\/uploads\/2019\/07\/CEDULA-PRESUPUESTARIA-diciembre-2018.pdf\">C\u00c9DULA PRESUPUESTARIA EGRESO diciembre 2018<\/a><\/p>\n<p><a href=\"http:\/\/conagopares.gob.ec\/wp-content\/uploads\/2019\/07\/Balance-diciembre-2018.pdf\">BALANCE GENERAL\u00a0diciembre 2018<\/a><\/p>\n<p>&nbsp;<\/p>\n","protected":false},"excerpt":{"rendered":"<p>ESTADOS FINANCIERO DEL 01 ENERO &#8211; 31 DICIEMBRE 2018 ESTADO SITUACI\u00d3N FINANCIERA:2018 ESTADO DE RESULTADOS 2018 Estado de Flujo del Efectivo diciembre 2018 Estado de Ejecuci\u00f3n Presupuestario diciembre 2018 C\u00c9DULA PRESUPUESTARIA INGRESOS diciembre 2018 C\u00c9DULA PRESUPUESTARIA EGRESO diciembre 2018 BALANCE GENERAL\u00a0diciembre 2018 &nbsp;<\/p>\n","protected":false},"author":1,"featured_media":0,"parent":0,"menu_order":0,"comment_status":"closed","ping_status":"closed","template":"","meta":{"footnotes":""},"class_list":["post-161","page","type-page","status-publish","hentry"],"_links":{"self":[{"href":"https:\/\/conagopares.gob.ec\/index.php?rest_route=\/wp\/v2\/pages\/161","targetHints":{"allow":["GET"]}}],"collection":[{"href":"https:\/\/conagopares.gob.ec\/index.php?rest_route=\/wp\/v2\/pages"}],"about":[{"href":"https:\/\/conagopares.gob.ec\/index.php?rest_route=\/wp\/v2\/types\/page"}],"author":[{"embeddable":true,"href":"https:\/\/conagopares.gob.ec\/index.php?rest_route=\/wp\/v2\/users\/1"}],"replies":[{"embeddable":true,"href":"https:\/\/conagopares.gob.ec\/index.php?rest_route=%2Fwp%2Fv2%2Fcomments&post=161"}],"version-history":[{"count":10,"href":"https:\/\/conagopares.gob.ec\/index.php?rest_route=\/wp\/v2\/pages\/161\/revisions"}],"predecessor-version":[{"id":248,"href":"https:\/\/conagopares.gob.ec\/index.php?rest_route=\/wp\/v2\/pages\/161\/revisions\/248"}],"wp:attachment":[{"href":"https:\/\/conagopares.gob.ec\/index.php?rest_route=%2Fwp%2Fv2%2Fmedia&parent=161"}],"curies":[{"name":"wp","href":"https:\/\/api.w.org\/{rel}","templated":true}]}}